{"id":538,"date":"2025-09-02T08:53:24","date_gmt":"2025-09-02T08:53:24","guid":{"rendered":"https:\/\/www.perfectfruit.pl\/index.php\/about\/"},"modified":"2025-09-03T18:47:58","modified_gmt":"2025-09-03T18:47:58","slug":"about","status":"publish","type":"page","link":"https:\/\/www.perfectfruit.es\/index.php\/about\/","title":{"rendered":"O nas"},"content":{"rendered":"\t\t<div data-elementor-type=\"wp-page\" data-elementor-id=\"538\" class=\"elementor elementor-538\">\n\t\t\t\t<div class=\"elementor-element elementor-element-122702a e-flex e-con-boxed wpr-particle-no wpr-jarallax-no wpr-parallax-no wpr-sticky-section-no e-con e-parent\" data-id=\"122702a\" data-element_type=\"container\">\n\t\t\t\t\t<div class=\"e-con-inner\">\n\t\t\t\t<div class=\"elementor-element elementor-element-efe32c4 elementor-widget__width-inherit elementor-widget elementor-widget-heading\" data-id=\"efe32c4\" data-element_type=\"widget\" data-widget_type=\"heading.default\">\n\t\t\t\t\t<h1 class=\"elementor-heading-title elementor-size-default\">O nas<\/h1>\t\t\t\t<\/div>\n\t\t\t\t<div class=\"elementor-element elementor-element-b75df71 elementor-widget__width-inherit elementor-widget elementor-widget-text-editor\" data-id=\"b75df71\" data-element_type=\"widget\" data-widget_type=\"text-editor.default\">\n\t\t\t\t\t\t\t\t\t<p>Perfect Fruit to dynamicznie rozwijaj\u0105ca si\u0119 firma specjalizuj\u0105ca si\u0119 w imporcie oraz eksporcie \u015bwie\u017cych owoc\u00f3w i warzyw, zar\u00f3wno konwencjonalnych, jak i ekologicznych. Od lat budujemy zaufanie naszych klient\u00f3w, dostarczaj\u0105c produkty najwy\u017cszej jako\u015bci, pochodz\u0105ce wy\u0142\u0105cznie od sprawdzonych, certyfikowanych producent\u00f3w z Hiszpanii i innych kraj\u00f3w Unii Europejskiej.<\/p>\t\t\t\t\t\t\t\t<\/div>\n\t\t\t\t\t<\/div>\n\t\t\t\t<\/div>\n\t\t<div class=\"elementor-element elementor-element-d0c6d80 e-con-full e-flex wpr-particle-no wpr-jarallax-no wpr-parallax-no wpr-sticky-section-no e-con e-parent\" data-id=\"d0c6d80\" data-element_type=\"container\" data-settings=\"{&quot;background_background&quot;:&quot;classic&quot;}\">\n\t\t\t\t<\/div>\n\t\t<div class=\"elementor-element elementor-element-9fba20b e-flex e-con-boxed wpr-particle-no wpr-jarallax-no wpr-parallax-no wpr-sticky-section-no e-con e-parent\" data-id=\"9fba20b\" data-element_type=\"container\">\n\t\t\t\t\t<div class=\"e-con-inner\">\n\t\t\t\t<div class=\"elementor-element elementor-element-4264496 elementor-widget__width-inherit elementor-widget elementor-widget-heading\" data-id=\"4264496\" data-element_type=\"widget\" data-widget_type=\"heading.default\">\n\t\t\t\t\t<h1 class=\"elementor-heading-title elementor-size-default\">Misja<\/h1>\t\t\t\t<\/div>\n\t\t\t\t<div class=\"elementor-element elementor-element-c726937 elementor-widget__width-inherit elementor-widget elementor-widget-text-editor\" data-id=\"c726937\" data-element_type=\"widget\" data-widget_type=\"text-editor.default\">\n\t\t\t\t\t\t\t\t\t<p>Nasza misja to przede wszystkim promowanie zdrowego stylu \u017cycia i zr\u00f3wnowa\u017conego rozwoju. Tym samym stawiamy na \u015bcis\u0142\u0105 kontrol\u0119 jako\u015bci na wszystkich etapach \u0142a\u0144cucha dostaw \u2013 od plantacji, przez selekcj\u0119, a\u017c po finaln\u0105 dostaw\u0119 do klienta. Wierzymy, \u017ce zdrowy produkt to produkt naturalny, dlatego wspieramy lokalnych rolnik\u00f3w i ekologiczne metody upraw.<\/p>\t\t\t\t\t\t\t\t<\/div>\n\t\t\t\t\t<\/div>\n\t\t\t\t<\/div>\n\t\t<div class=\"elementor-element elementor-element-ce56a80 e-con-full e-flex wpr-particle-no wpr-jarallax-no wpr-parallax-no wpr-sticky-section-no e-con e-parent\" data-id=\"ce56a80\" data-element_type=\"container\" data-settings=\"{&quot;background_background&quot;:&quot;classic&quot;}\">\n\t\t\t\t<\/div>\n\t\t<div class=\"elementor-element elementor-element-52ef658 e-flex e-con-boxed wpr-particle-no wpr-jarallax-no wpr-parallax-no wpr-sticky-section-no e-con e-parent\" data-id=\"52ef658\" data-element_type=\"container\">\n\t\t\t\t\t<div class=\"e-con-inner\">\n\t\t\t\t<div class=\"elementor-element elementor-element-ae03a71 elementor-widget__width-inherit elementor-widget elementor-widget-heading\" data-id=\"ae03a71\" data-element_type=\"widget\" data-widget_type=\"heading.default\">\n\t\t\t\t\t<h1 class=\"elementor-heading-title elementor-size-default\">WIZJA<\/h1>\t\t\t\t<\/div>\n\t\t\t\t<div class=\"elementor-element elementor-element-17409e0 elementor-widget__width-inherit elementor-widget elementor-widget-text-editor\" data-id=\"17409e0\" data-element_type=\"widget\" data-widget_type=\"text-editor.default\">\n\t\t\t\t\t\t\t\t\t<p>Perfect Fruit to co\u015b wi\u0119cej ni\u017c firma \u2013 to zobowi\u0105zanie do kszta\u0142towania rynku zdrowej \u017cywno\u015bci i inspirowania do wybor\u00f3w korzystnych zar\u00f3wno dla ludzi, jak i dla naszej planety.<\/p><p>Zapraszamy do wsp\u00f3\u0142pracy oraz do poznania naszej szerokiej oferty \u015bwie\u017cych owoc\u00f3w i warzyw, kt\u00f3re pochodz\u0105 z natury prosto na Tw\u00f3j st\u00f3\u0142.<\/p>\t\t\t\t\t\t\t\t<\/div>\n\t\t\t\t\t<\/div>\n\t\t\t\t<\/div>\n\t\t<div class=\"elementor-element elementor-element-2ea9571 e-con-full e-flex wpr-particle-no wpr-jarallax-no wpr-parallax-no wpr-sticky-section-no e-con e-parent\" data-id=\"2ea9571\" data-element_type=\"container\" data-settings=\"{&quot;background_background&quot;:&quot;classic&quot;}\">\n\t\t\t\t<\/div>\n\t\t<div class=\"elementor-element elementor-element-bb17cfe e-flex e-con-boxed wpr-particle-no wpr-jarallax-no wpr-parallax-no wpr-sticky-section-no e-con e-parent\" data-id=\"bb17cfe\" data-element_type=\"container\">\n\t\t\t\t\t<div class=\"e-con-inner\">\n\t\t\t\t<div class=\"elementor-element elementor-element-62062a4 elementor-widget elementor-widget-heading\" data-id=\"62062a4\" data-element_type=\"widget\" data-widget_type=\"heading.default\">\n\t\t\t\t\t<h2 class=\"elementor-heading-title elementor-size-default\">Marki<\/h2>\t\t\t\t<\/div>\n\t\t\t\t\t<\/div>\n\t\t\t\t<\/div>\n\t\t<div class=\"elementor-element elementor-element-ec41e3d e-con-full e-flex wpr-particle-no wpr-jarallax-no wpr-parallax-no wpr-sticky-section-no e-con e-parent\" data-id=\"ec41e3d\" data-element_type=\"container\">\n\t\t\t\t<div class=\"elementor-element elementor-element-c7c763f elementor-widget__width-inherit elementor-arrows-position-inside elementor-pagination-position-outside elementor-widget elementor-widget-image-carousel\" data-id=\"c7c763f\" data-element_type=\"widget\" data-settings=\"{&quot;slides_to_show&quot;:&quot;5&quot;,&quot;autoplay_speed&quot;:10000,&quot;image_spacing_custom&quot;:{&quot;unit&quot;:&quot;px&quot;,&quot;size&quot;:60,&quot;sizes&quot;:[]},&quot;navigation&quot;:&quot;both&quot;,&quot;autoplay&quot;:&quot;yes&quot;,&quot;infinite&quot;:&quot;yes&quot;,&quot;speed&quot;:500,&quot;image_spacing_custom_tablet&quot;:{&quot;unit&quot;:&quot;px&quot;,&quot;size&quot;:&quot;&quot;,&quot;sizes&quot;:[]},&quot;image_spacing_custom_mobile&quot;:{&quot;unit&quot;:&quot;px&quot;,&quot;size&quot;:&quot;&quot;,&quot;sizes&quot;:[]}}\" data-widget_type=\"image-carousel.default\">\n\t\t\t\t\t\t\t<div class=\"elementor-image-carousel-wrapper swiper\" role=\"region\" aria-roledescription=\"carousel\" aria-label=\"Karuzela obrazk\u00f3w\" dir=\"ltr\">\n\t\t\t<div class=\"elementor-image-carousel swiper-wrapper\" aria-live=\"off\">\n\t\t\t\t\t\t\t\t<div class=\"swiper-slide\" role=\"group\" aria-roledescription=\"slide\" aria-label=\"1 z 10\"><figure class=\"swiper-slide-inner\"><img decoding=\"async\" class=\"swiper-slide-image\" src=\"https:\/\/www.perfectfruit.es\/wp-content\/uploads\/ramon-300x101.jpg\" alt=\"ramon\" \/><\/figure><\/div><div class=\"swiper-slide\" role=\"group\" aria-roledescription=\"slide\" aria-label=\"2 z 10\"><figure class=\"swiper-slide-inner\"><img decoding=\"async\" class=\"swiper-slide-image\" src=\"https:\/\/www.perfectfruit.es\/wp-content\/uploads\/torres-marka-300x126.jpg\" alt=\"torres marka\" \/><\/figure><\/div><div class=\"swiper-slide\" role=\"group\" aria-roledescription=\"slide\" aria-label=\"3 z 10\"><figure class=\"swiper-slide-inner\"><img decoding=\"async\" class=\"swiper-slide-image\" src=\"https:\/\/www.perfectfruit.es\/wp-content\/uploads\/image003friola.jpg\" alt=\"image003friola\" \/><\/figure><\/div><div class=\"swiper-slide\" role=\"group\" aria-roledescription=\"slide\" aria-label=\"4 z 10\"><figure class=\"swiper-slide-inner\"><img decoding=\"async\" class=\"swiper-slide-image\" src=\"https:\/\/www.perfectfruit.es\/wp-content\/uploads\/amefruits-300x167.png\" alt=\"amefruits\" \/><\/figure><\/div><div class=\"swiper-slide\" role=\"group\" aria-roledescription=\"slide\" aria-label=\"5 z 10\"><figure class=\"swiper-slide-inner\"><img decoding=\"async\" class=\"swiper-slide-image\" src=\"https:\/\/www.perfectfruit.es\/wp-content\/uploads\/citric-love-300x96.jpg\" alt=\"citric love\" \/><\/figure><\/div><div class=\"swiper-slide\" role=\"group\" aria-roledescription=\"slide\" aria-label=\"6 z 10\"><figure class=\"swiper-slide-inner\"><img decoding=\"async\" class=\"swiper-slide-image\" src=\"https:\/\/www.perfectfruit.es\/wp-content\/uploads\/logo-mateuexport-300x89-2.gif\" alt=\"logo-mateuexport-300x89\" \/><\/figure><\/div><div class=\"swiper-slide\" role=\"group\" aria-roledescription=\"slide\" aria-label=\"7 z 10\"><figure class=\"swiper-slide-inner\"><img decoding=\"async\" class=\"swiper-slide-image\" src=\"https:\/\/www.perfectfruit.es\/wp-content\/uploads\/soldelevante-300x221.png\" alt=\"soldelevante\" \/><\/figure><\/div><div class=\"swiper-slide\" role=\"group\" aria-roledescription=\"slide\" aria-label=\"8 z 10\"><figure class=\"swiper-slide-inner\"><img decoding=\"async\" class=\"swiper-slide-image\" src=\"https:\/\/www.perfectfruit.es\/wp-content\/uploads\/frutas-alhambra.svg\" alt=\"frutas alhambra\" \/><\/figure><\/div><div class=\"swiper-slide\" role=\"group\" aria-roledescription=\"slide\" aria-label=\"9 z 10\"><figure class=\"swiper-slide-inner\"><img decoding=\"async\" class=\"swiper-slide-image\" src=\"https:\/\/www.perfectfruit.es\/wp-content\/uploads\/NOGAL-FRUITS-LOGO-PUNTOS-VERDE-2-1-300x142.png\" alt=\"NOGAL-FRUITS-LOGO-PUNTOS-VERDE-2\" \/><\/figure><\/div><div class=\"swiper-slide\" role=\"group\" aria-roledescription=\"slide\" aria-label=\"10 z 10\"><figure class=\"swiper-slide-inner\"><img decoding=\"async\" class=\"swiper-slide-image\" src=\"https:\/\/www.perfectfruit.es\/wp-content\/uploads\/primikaFruitLogo-1.png\" alt=\"primikaFruitLogo\" \/><\/figure><\/div>\t\t\t<\/div>\n\t\t\t\t\t\t\t\t\t\t\t\t<div class=\"elementor-swiper-button elementor-swiper-button-prev\" role=\"button\" tabindex=\"0\">\n\t\t\t\t\t\t<svg aria-hidden=\"true\" class=\"e-font-icon-svg e-eicon-chevron-left\" viewBox=\"0 0 1000 1000\" xmlns=\"http:\/\/www.w3.org\/2000\/svg\"><path d=\"M646 125C629 125 613 133 604 142L308 442C296 454 292 471 292 487 292 504 296 521 308 533L604 854C617 867 629 875 646 875 663 875 679 871 692 858 704 846 713 829 713 812 713 796 708 779 692 767L438 487 692 225C700 217 708 204 708 187 708 171 704 154 692 142 675 129 663 125 646 125Z\"><\/path><\/svg>\t\t\t\t\t<\/div>\n\t\t\t\t\t<div class=\"elementor-swiper-button elementor-swiper-button-next\" role=\"button\" tabindex=\"0\">\n\t\t\t\t\t\t<svg aria-hidden=\"true\" class=\"e-font-icon-svg e-eicon-chevron-right\" viewBox=\"0 0 1000 1000\" xmlns=\"http:\/\/www.w3.org\/2000\/svg\"><path d=\"M696 533C708 521 713 504 713 487 713 471 708 454 696 446L400 146C388 133 375 125 354 125 338 125 325 129 313 142 300 154 292 171 292 187 292 204 296 221 308 233L563 492 304 771C292 783 288 800 288 817 288 833 296 850 308 863 321 871 338 875 354 875 371 875 388 867 400 854L696 533Z\"><\/path><\/svg>\t\t\t\t\t<\/div>\n\t\t\t\t\n\t\t\t\t\t\t\t\t\t<div class=\"swiper-pagination\"><\/div>\n\t\t\t\t\t\t\t\t\t<\/div>\n\t\t\t\t\t\t<\/div>\n\t\t\t\t<\/div>\n\t\t\t\t<\/div>\n\t\t","protected":false},"excerpt":{"rendered":"<p>O nas Perfect Fruit to dynamicznie rozwijaj\u0105ca si\u0119 firma specjalizuj\u0105ca si\u0119 w imporcie oraz eksporcie \u015bwie\u017cych owoc\u00f3w i warzyw, zar\u00f3wno konwencjonalnych, jak i ekologicznych. Od lat budujemy zaufanie naszych klient\u00f3w, dostarczaj\u0105c produkty najwy\u017cszej jako\u015bci, pochodz\u0105ce wy\u0142\u0105cznie od sprawdzonych, certyfikowanych producent\u00f3w z Hiszpanii i innych kraj\u00f3w Unii Europejskiej. Misja Nasza misja to przede wszystkim promowanie zdrowego stylu \u017cycia i zr\u00f3wnowa\u017conego rozwoju. Tym samym stawiamy na \u015bcis\u0142\u0105 kontrol\u0119 jako\u015bci na wszystkich etapach \u0142a\u0144cucha dostaw \u2013 od plantacji, przez selekcj\u0119, a\u017c po finaln\u0105 dostaw\u0119 do klienta. Wierzymy, \u017ce zdrowy produkt to produkt naturalny, dlatego wspieramy lokalnych rolnik\u00f3w i ekologiczne metody upraw. WIZJA Perfect Fruit to co\u015b wi\u0119cej ni\u017c firma \u2013 to zobowi\u0105zanie do kszta\u0142towania rynku zdrowej \u017cywno\u015bci i inspirowania do wybor\u00f3w korzystnych zar\u00f3wno dla ludzi, jak i dla naszej planety. Zapraszamy do wsp\u00f3\u0142pracy oraz do poznania naszej szerokiej oferty \u015bwie\u017cych owoc\u00f3w i warzyw, kt\u00f3re pochodz\u0105 z natury prosto na Tw\u00f3j st\u00f3\u0142. Marki<\/p>\n","protected":false},"author":5,"featured_media":0,"parent":0,"menu_order":0,"comment_status":"closed","ping_status":"closed","template":"elementor_header_footer","meta":{"footnotes":""},"class_list":["post-538","page","type-page","status-publish","hentry"],"_links":{"self":[{"href":"https:\/\/www.perfectfruit.es\/index.php\/wp-json\/wp\/v2\/pages\/538","targetHints":{"allow":["GET"]}}],"collection":[{"href":"https:\/\/www.perfectfruit.es\/index.php\/wp-json\/wp\/v2\/pages"}],"about":[{"href":"https:\/\/www.perfectfruit.es\/index.php\/wp-json\/wp\/v2\/types\/page"}],"author":[{"embeddable":true,"href":"https:\/\/www.perfectfruit.es\/index.php\/wp-json\/wp\/v2\/users\/5"}],"replies":[{"embeddable":true,"href":"https:\/\/www.perfectfruit.es\/index.php\/wp-json\/wp\/v2\/comments?post=538"}],"version-history":[{"count":38,"href":"https:\/\/www.perfectfruit.es\/index.php\/wp-json\/wp\/v2\/pages\/538\/revisions"}],"predecessor-version":[{"id":998,"href":"https:\/\/www.perfectfruit.es\/index.php\/wp-json\/wp\/v2\/pages\/538\/revisions\/998"}],"wp:attachment":[{"href":"https:\/\/www.perfectfruit.es\/index.php\/wp-json\/wp\/v2\/media?parent=538"}],"curies":[{"name":"wp","href":"https:\/\/api.w.org\/{rel}","templated":true}]}}