{"id":1197,"date":"2025-09-05T09:31:59","date_gmt":"2025-09-05T09:31:59","guid":{"rendered":"https:\/\/www.perfectfruit.pl\/?page_id=1197"},"modified":"2025-09-05T09:33:24","modified_gmt":"2025-09-05T09:33:24","slug":"noticias","status":"publish","type":"page","link":"https:\/\/www.perfectfruit.es\/index.php\/es\/noticias\/","title":{"rendered":"Noticias"},"content":{"rendered":"\t\t<div data-elementor-type=\"wp-page\" data-elementor-id=\"1197\" class=\"elementor elementor-1197\">\n\t\t\t\t<div class=\"elementor-element elementor-element-99b4e68 e-flex e-con-boxed wpr-particle-no wpr-jarallax-no wpr-parallax-no wpr-sticky-section-no e-con e-parent\" data-id=\"99b4e68\" data-element_type=\"container\">\n\t\t\t\t\t<div class=\"e-con-inner\">\n\t\t\t\t<div class=\"elementor-element elementor-element-d10dc7b elementor-position-top elementor-invisible elementor-widget elementor-widget-image-box\" data-id=\"d10dc7b\" data-element_type=\"widget\" data-settings=\"{&quot;_animation&quot;:&quot;slideInLeft&quot;}\" data-widget_type=\"image-box.default\">\n\t\t\t\t\t<div class=\"elementor-image-box-wrapper\"><figure class=\"elementor-image-box-img\"><img fetchpriority=\"high\" decoding=\"async\" width=\"768\" height=\"512\" src=\"https:\/\/www.perfectfruit.es\/wp-content\/uploads\/redes-sociales-fruit-768x512.jpg\" class=\"attachment-medium_large size-medium_large wp-image-511\" alt=\"\" srcset=\"https:\/\/www.perfectfruit.es\/wp-content\/uploads\/redes-sociales-fruit-768x512.jpg 768w, https:\/\/www.perfectfruit.es\/wp-content\/uploads\/redes-sociales-fruit-300x200.jpg 300w, https:\/\/www.perfectfruit.es\/wp-content\/uploads\/redes-sociales-fruit-1024x683.jpg 1024w, https:\/\/www.perfectfruit.es\/wp-content\/uploads\/redes-sociales-fruit.jpg 1200w\" sizes=\"(max-width: 768px) 100vw, 768px\" \/><\/figure><div class=\"elementor-image-box-content\"><h3 class=\"elementor-image-box-title\">FRUIT ATTRACTION 2025 MADRID<\/h3><p class=\"elementor-image-box-description\">Descubre la esencia de la industria de frutas y verduras y la fuerza de las atracciones frutales. <h3 data-elementor-setting-key=\"title_text\" data-elementor-inline-editing-toolbar=\"none\" data-pen-placeholder=\"Pisz tutaj...\" data-lt-tmp-id=\"lt-292017\" spellcheck=\"false\" data-gramm=\"false\" style=\"color: rgb(84, 132, 60); word-spacing: 0px;\">30.09-02.10.2025<span style=\"color: rgb(72, 69, 68); font-size: 18px;\"><\/span><\/h3><\/p><\/div><\/div>\t\t\t\t<\/div>\n\t\t\t\t\t<\/div>\n\t\t\t\t<\/div>\n\t\t<div class=\"elementor-element elementor-element-213772e e-flex e-con-boxed wpr-particle-no wpr-jarallax-no wpr-parallax-no wpr-sticky-section-no elementor-invisible e-con e-parent\" data-id=\"213772e\" data-element_type=\"container\" data-settings=\"{&quot;animation&quot;:&quot;slideInRight&quot;}\">\n\t\t\t\t\t<div class=\"e-con-inner\">\n\t\t\t\t<div class=\"elementor-element elementor-element-ce68199 elementor-position-top elementor-invisible elementor-widget elementor-widget-image-box\" data-id=\"ce68199\" data-element_type=\"widget\" data-settings=\"{&quot;_animation&quot;:&quot;slideInDown&quot;}\" data-widget_type=\"image-box.default\">\n\t\t\t\t\t<div class=\"elementor-image-box-wrapper\"><figure class=\"elementor-image-box-img\"><img decoding=\"async\" width=\"768\" height=\"749\" src=\"https:\/\/www.perfectfruit.es\/wp-content\/uploads\/smak-roku-768x749.jpeg\" class=\"attachment-medium_large size-medium_large wp-image-250\" alt=\"\" srcset=\"https:\/\/www.perfectfruit.es\/wp-content\/uploads\/smak-roku-768x749.jpeg 768w, https:\/\/www.perfectfruit.es\/wp-content\/uploads\/smak-roku-300x293.jpeg 300w, https:\/\/www.perfectfruit.es\/wp-content\/uploads\/smak-roku-1024x998.jpeg 1024w, https:\/\/www.perfectfruit.es\/wp-content\/uploads\/smak-roku.jpeg 1080w\" sizes=\"(max-width: 768px) 100vw, 768px\" \/><\/figure><div class=\"elementor-image-box-content\"><h3 class=\"elementor-image-box-title\">SABOR DEL a\u00d1O 2025 ~ tORRES<\/h3><p class=\"elementor-image-box-description\">Las mandarinas y naranjas TORRES reciben por tercera vez el premio SABOR DEL A\u00d1O 2025.<\/p><\/div><\/div>\t\t\t\t<\/div>\n\t\t\t\t\t<\/div>\n\t\t\t\t<\/div>\n\t\t<div class=\"elementor-element elementor-element-296e22d e-flex e-con-boxed wpr-particle-no wpr-jarallax-no wpr-parallax-no wpr-sticky-section-no elementor-invisible e-con e-parent\" data-id=\"296e22d\" data-element_type=\"container\" data-settings=\"{&quot;animation&quot;:&quot;fadeInLeft&quot;}\">\n\t\t\t\t\t<div class=\"e-con-inner\">\n\t\t\t\t<div class=\"elementor-element elementor-element-083fe51 elementor-position-top elementor-invisible elementor-widget elementor-widget-image-box\" data-id=\"083fe51\" data-element_type=\"widget\" data-settings=\"{&quot;_animation&quot;:&quot;slideInDown&quot;}\" data-widget_type=\"image-box.default\">\n\t\t\t\t\t<div class=\"elementor-image-box-wrapper\"><figure class=\"elementor-image-box-img\"><img decoding=\"async\" width=\"768\" height=\"459\" src=\"https:\/\/www.perfectfruit.es\/wp-content\/uploads\/fruit-logisitca-2025-768x459.jpg\" class=\"attachment-medium_large size-medium_large wp-image-1152\" alt=\"\" srcset=\"https:\/\/www.perfectfruit.es\/wp-content\/uploads\/fruit-logisitca-2025-768x459.jpg 768w, https:\/\/www.perfectfruit.es\/wp-content\/uploads\/fruit-logisitca-2025-300x179.jpg 300w, https:\/\/www.perfectfruit.es\/wp-content\/uploads\/fruit-logisitca-2025-1024x611.jpg 1024w, https:\/\/www.perfectfruit.es\/wp-content\/uploads\/fruit-logisitca-2025-1536x917.jpg 1536w, https:\/\/www.perfectfruit.es\/wp-content\/uploads\/fruit-logisitca-2025-2048x1223.jpg 2048w\" sizes=\"(max-width: 768px) 100vw, 768px\" \/><\/figure><div class=\"elementor-image-box-content\"><h3 class=\"elementor-image-box-title\">FRUIT logistica 2025 berlin<\/h3><p class=\"elementor-image-box-description\">Un lugar excelente para establecer contactos fruct\u00edferos.<\/p><\/div><\/div>\t\t\t\t<\/div>\n\t\t\t\t\t<\/div>\n\t\t\t\t<\/div>\n\t\t<div class=\"elementor-element elementor-element-2a747b8 e-flex e-con-boxed wpr-particle-no wpr-jarallax-no wpr-parallax-no wpr-sticky-section-no elementor-invisible e-con e-parent\" data-id=\"2a747b8\" data-element_type=\"container\" data-settings=\"{&quot;animation&quot;:&quot;fadeInRight&quot;}\">\n\t\t\t\t\t<div class=\"e-con-inner\">\n\t\t\t\t<div class=\"elementor-element elementor-element-dcb1277 elementor-position-top elementor-invisible elementor-widget elementor-widget-image-box\" data-id=\"dcb1277\" data-element_type=\"widget\" data-settings=\"{&quot;_animation&quot;:&quot;slideInDown&quot;}\" data-widget_type=\"image-box.default\">\n\t\t\t\t\t<div class=\"elementor-image-box-wrapper\"><figure class=\"elementor-image-box-img\"><img loading=\"lazy\" decoding=\"async\" width=\"768\" height=\"487\" src=\"https:\/\/www.perfectfruit.es\/wp-content\/uploads\/targi-e1728233484699-768x487.jpg\" class=\"attachment-medium_large size-medium_large wp-image-235\" alt=\"\" srcset=\"https:\/\/www.perfectfruit.es\/wp-content\/uploads\/targi-e1728233484699-768x487.jpg 768w, https:\/\/www.perfectfruit.es\/wp-content\/uploads\/targi-e1728233484699-300x190.jpg 300w, https:\/\/www.perfectfruit.es\/wp-content\/uploads\/targi-e1728233484699-1024x649.jpg 1024w, https:\/\/www.perfectfruit.es\/wp-content\/uploads\/targi-e1728233484699.jpg 1076w\" sizes=\"(max-width: 768px) 100vw, 768px\" \/><\/figure><div class=\"elementor-image-box-content\"><h3 class=\"elementor-image-box-title\">FRUIT ATRACTTION 2024 Madrid<\/h3><p class=\"elementor-image-box-description\">En la feria FRUIT ATTRACTION de Madrid, seleccionamos para vosotros las frutas y verduras m\u00e1s saludables y sabrosas.<\/p><\/div><\/div>\t\t\t\t<\/div>\n\t\t\t\t\t<\/div>\n\t\t\t\t<\/div>\n\t\t<div class=\"elementor-element elementor-element-8f5cd44 e-flex e-con-boxed wpr-particle-no wpr-jarallax-no wpr-parallax-no wpr-sticky-section-no elementor-invisible e-con e-parent\" data-id=\"8f5cd44\" data-element_type=\"container\" data-settings=\"{&quot;animation&quot;:&quot;slideInLeft&quot;}\">\n\t\t\t\t\t<div class=\"e-con-inner\">\n\t\t\t\t<div class=\"elementor-element elementor-element-42754e4 elementor-position-top elementor-invisible elementor-widget elementor-widget-image-box\" data-id=\"42754e4\" data-element_type=\"widget\" data-settings=\"{&quot;_animation&quot;:&quot;slideInDown&quot;}\" data-widget_type=\"image-box.default\">\n\t\t\t\t\t<div class=\"elementor-image-box-wrapper\"><figure class=\"elementor-image-box-img\"><img loading=\"lazy\" decoding=\"async\" width=\"678\" height=\"270\" src=\"https:\/\/www.perfectfruit.es\/wp-content\/uploads\/fruitattraction2022.png\" class=\"attachment-large size-large wp-image-1142\" alt=\"\" srcset=\"https:\/\/www.perfectfruit.es\/wp-content\/uploads\/fruitattraction2022.png 678w, https:\/\/www.perfectfruit.es\/wp-content\/uploads\/fruitattraction2022-300x119.png 300w\" sizes=\"(max-width: 678px) 100vw, 678px\" \/><\/figure><div class=\"elementor-image-box-content\"><h3 class=\"elementor-image-box-title\">FRUIT ATRACTTION 2022 madrid<\/h3><p class=\"elementor-image-box-description\">\u00a1Nos vemos en la feria de Madrid!04.10-06.10.2022<\/p><\/div><\/div>\t\t\t\t<\/div>\n\t\t\t\t\t<\/div>\n\t\t\t\t<\/div>\n\t\t<div class=\"elementor-element elementor-element-76f4e97 e-flex e-con-boxed wpr-particle-no wpr-jarallax-no wpr-parallax-no wpr-sticky-section-no elementor-invisible e-con e-parent\" data-id=\"76f4e97\" data-element_type=\"container\" data-settings=\"{&quot;animation&quot;:&quot;slideInRight&quot;}\">\n\t\t\t\t\t<div class=\"e-con-inner\">\n\t\t\t\t<div class=\"elementor-element elementor-element-915604c elementor-position-top elementor-invisible elementor-widget elementor-widget-image-box\" data-id=\"915604c\" data-element_type=\"widget\" data-settings=\"{&quot;_animation&quot;:&quot;slideInDown&quot;}\" data-widget_type=\"image-box.default\">\n\t\t\t\t\t<div class=\"elementor-image-box-wrapper\"><figure class=\"elementor-image-box-img\"><img loading=\"lazy\" decoding=\"async\" width=\"600\" height=\"401\" src=\"https:\/\/www.perfectfruit.es\/wp-content\/uploads\/news3.png\" class=\"attachment-medium_large size-medium_large wp-image-116\" alt=\"\" srcset=\"https:\/\/www.perfectfruit.es\/wp-content\/uploads\/news3.png 600w, https:\/\/www.perfectfruit.es\/wp-content\/uploads\/news3-300x201.png 300w\" sizes=\"(max-width: 600px) 100vw, 600px\" \/><\/figure><div class=\"elementor-image-box-content\"><h3 class=\"elementor-image-box-title\">FRUIT LOGISTICA 2019 BERLIN<\/h3><p class=\"elementor-image-box-description\">Do zobaczenia na targach w Berlinie!\n06.02.2019- 08.02.2019<\/p><\/div><\/div>\t\t\t\t<\/div>\n\t\t\t\t\t<\/div>\n\t\t\t\t<\/div>\n\t\t<div class=\"elementor-element elementor-element-e9bff8e e-flex e-con-boxed wpr-particle-no wpr-jarallax-no wpr-parallax-no wpr-sticky-section-no elementor-invisible e-con e-parent\" data-id=\"e9bff8e\" data-element_type=\"container\" data-settings=\"{&quot;animation&quot;:&quot;slideInLeft&quot;}\">\n\t\t\t\t\t<div class=\"e-con-inner\">\n\t\t\t\t<div class=\"elementor-element elementor-element-dfa27a4 elementor-position-top elementor-invisible elementor-widget elementor-widget-image-box\" data-id=\"dfa27a4\" data-element_type=\"widget\" data-settings=\"{&quot;_animation&quot;:&quot;slideInDown&quot;}\" data-widget_type=\"image-box.default\">\n\t\t\t\t\t<div class=\"elementor-image-box-wrapper\"><figure class=\"elementor-image-box-img\"><img loading=\"lazy\" decoding=\"async\" width=\"600\" height=\"401\" src=\"https:\/\/www.perfectfruit.es\/wp-content\/uploads\/news1.png\" class=\"attachment-medium_large size-medium_large wp-image-113\" alt=\"\" srcset=\"https:\/\/www.perfectfruit.es\/wp-content\/uploads\/news1.png 600w, https:\/\/www.perfectfruit.es\/wp-content\/uploads\/news1-300x201.png 300w\" sizes=\"(max-width: 600px) 100vw, 600px\" \/><\/figure><div class=\"elementor-image-box-content\"><h3 class=\"elementor-image-box-title\">FRUIT ATRACCTION 2018 MADRID<\/h3><p class=\"elementor-image-box-description\">\u00a1Nos vemos en la feria de Madrid!\n23.10.2018 \u2013 25.10.2018<\/p><\/div><\/div>\t\t\t\t<\/div>\n\t\t\t\t\t<\/div>\n\t\t\t\t<\/div>\n\t\t<div class=\"elementor-element elementor-element-fda9ef4 e-flex e-con-boxed wpr-particle-no wpr-jarallax-no wpr-parallax-no wpr-sticky-section-no elementor-invisible e-con e-parent\" data-id=\"fda9ef4\" data-element_type=\"container\" data-settings=\"{&quot;animation&quot;:&quot;slideInRight&quot;}\">\n\t\t\t\t\t<div class=\"e-con-inner\">\n\t\t\t\t<div class=\"elementor-element elementor-element-01e35b0 elementor-position-top elementor-invisible elementor-widget elementor-widget-image-box\" data-id=\"01e35b0\" data-element_type=\"widget\" data-settings=\"{&quot;_animation&quot;:&quot;slideInDown&quot;}\" data-widget_type=\"image-box.default\">\n\t\t\t\t\t<div class=\"elementor-image-box-wrapper\"><figure class=\"elementor-image-box-img\"><img loading=\"lazy\" decoding=\"async\" width=\"600\" height=\"401\" src=\"https:\/\/www.perfectfruit.es\/wp-content\/uploads\/news2.png\" class=\"attachment-medium_large size-medium_large wp-image-109\" alt=\"\" srcset=\"https:\/\/www.perfectfruit.es\/wp-content\/uploads\/news2.png 600w, https:\/\/www.perfectfruit.es\/wp-content\/uploads\/news2-300x201.png 300w\" sizes=\"(max-width: 600px) 100vw, 600px\" \/><\/figure><div class=\"elementor-image-box-content\"><h3 class=\"elementor-image-box-title\">FRUIT LOGISTICA 2018 BERLIN<\/h3><p class=\"elementor-image-box-description\">En la feria de Berl\u00edn, seleccionamos para vosotros las FRUTAMINAS m\u00e1s sabrosas.<\/p><\/div><\/div>\t\t\t\t<\/div>\n\t\t\t\t\t<\/div>\n\t\t\t\t<\/div>\n\t\t\t\t<\/div>\n\t\t","protected":false},"excerpt":{"rendered":"<p>FRUIT ATTRACTION 2025 MADRID Descubre la esencia de la industria de frutas y verduras y la fuerza de las atracciones frutales. 30.09-02.10.2025 SABOR DEL a\u00d1O 2025 ~ tORRES Las mandarinas y naranjas TORRES reciben por tercera vez el premio SABOR DEL A\u00d1O 2025. FRUIT logistica 2025 berlin Un lugar excelente para establecer contactos fruct\u00edferos. FRUIT ATRACTTION 2024 Madrid En la feria FRUIT ATTRACTION de Madrid, seleccionamos para vosotros las frutas y verduras m\u00e1s saludables y sabrosas. FRUIT ATRACTTION 2022 madrid \u00a1Nos vemos en la feria de Madrid!04.10-06.10.2022 FRUIT LOGISTICA 2019 BERLIN Do zobaczenia na targach w Berlinie! 06.02.2019- 08.02.2019 FRUIT ATRACCTION 2018 MADRID \u00a1Nos vemos en la feria de Madrid! 23.10.2018 \u2013 25.10.2018 FRUIT LOGISTICA 2018 BERLIN En la feria de Berl\u00edn, seleccionamos para vosotros las FRUTAMINAS m\u00e1s sabrosas.<\/p>\n","protected":false},"author":5,"featured_media":0,"parent":0,"menu_order":0,"comment_status":"closed","ping_status":"closed","template":"","meta":{"footnotes":""},"class_list":["post-1197","page","type-page","status-publish","hentry"],"_links":{"self":[{"href":"https:\/\/www.perfectfruit.es\/index.php\/wp-json\/wp\/v2\/pages\/1197","targetHints":{"allow":["GET"]}}],"collection":[{"href":"https:\/\/www.perfectfruit.es\/index.php\/wp-json\/wp\/v2\/pages"}],"about":[{"href":"https:\/\/www.perfectfruit.es\/index.php\/wp-json\/wp\/v2\/types\/page"}],"author":[{"embeddable":true,"href":"https:\/\/www.perfectfruit.es\/index.php\/wp-json\/wp\/v2\/users\/5"}],"replies":[{"embeddable":true,"href":"https:\/\/www.perfectfruit.es\/index.php\/wp-json\/wp\/v2\/comments?post=1197"}],"version-history":[{"count":3,"href":"https:\/\/www.perfectfruit.es\/index.php\/wp-json\/wp\/v2\/pages\/1197\/revisions"}],"predecessor-version":[{"id":1200,"href":"https:\/\/www.perfectfruit.es\/index.php\/wp-json\/wp\/v2\/pages\/1197\/revisions\/1200"}],"wp:attachment":[{"href":"https:\/\/www.perfectfruit.es\/index.php\/wp-json\/wp\/v2\/media?parent=1197"}],"curies":[{"name":"wp","href":"https:\/\/api.w.org\/{rel}","templated":true}]}}